{"id":2,"date":"2024-04-06T21:33:14","date_gmt":"2024-04-06T21:33:14","guid":{"rendered":"https:\/\/myorigin.info\/?page_id=2"},"modified":"2025-10-09T15:15:02","modified_gmt":"2025-10-09T15:15:02","slug":"sample-page","status":"publish","type":"page","link":"https:\/\/myorigin.info\/?page_id=2","title":{"rendered":"Dispositivi DNA NXP"},"content":{"rendered":"\n<p class=\"has-figtree-font-family\">L\u2019<strong>NTAG 424 DNA<\/strong> (NT4H2421Gx) stabilisce un nuovo standard per le applicazioni NFC e IoT sicure. \u00c8 dotato di crittografia AES-128 e della funzione <em>Secure Unique NFC<\/em> (SUN), che genera dati di autenticazione univoci a ogni lettura da parte di un dispositivo mobile con NFC attivo. Questo garantisce una protezione avanzata per prodotti e contenuti, offrendo esperienze utente sicure ed esclusive in tempo reale.<\/p>\n\n\n\n<p class=\"has-figtree-font-family\">L\u2019NTAG 424 DNA \u00e8 conforme alle specifiche del chip NFC Forum Type 4 Tag IC, utilizzando un protocollo contactless e un file system ISO\/IEC per garantire la massima interoperabilit\u00e0 all\u2019interno dell\u2019infrastruttura NFC. Supporta un\u2019eccellente interazione con l\u2019utente e distanze di lettura fino a 10 cm.<\/p>\n\n\n\n<p class=\"has-figtree-font-family\">Utilizzando l\u2019AES-128, il tag genera un messaggio SUN per l\u2019autenticazione ogni volta che viene avvicinato a un lettore. Un dispositivo mobile NFC legge questo URL univoco contenente il messaggio SUN, lo invia all\u2019host per l\u2019autenticazione e riceve il risultato della verifica. L\u2019autenticazione SUN \u00e8 compatibile con Android e iOS 26, garantendo autenticit\u00e0, integrit\u00e0 e riservatezza dei dati.<\/p>\n\n\n\n<p class=\"has-figtree-font-family\">Il chip dispone di una struttura di memoria basata su file da 416 byte, che include un file <em>Capability Container<\/em> (CC) per specificare le operazioni NFC, un file NDEF e un file dati aggiuntivo per la protezione di contenuti sensibili. I diritti di accesso configurabili supportano diversi casi d\u2019uso per produttori e fornitori di servizi. Con cinque chiavi AES definite dal cliente, l\u2019NTAG 424 DNA consente funzioni crittografiche avanzate per un accesso sicuro.<\/p>\n\n\n\n<p class=\"has-figtree-font-family\">L\u2019NTAG 424 DNA offre inoltre funzioni configurabili come la cifratura opzionale di parte del file NDEF e la comunicazione completamente crittografata per applicazioni che richiedono un\u2019elevata protezione della privacy. Un <em>Random ID<\/em> opzionale, insieme ai dati crittografati del chip, garantisce la conformit\u00e0 alle normative sulla protezione dei dati.<\/p>\n\n\n\n<p class=\"has-figtree-font-family\">Oltre alla crittografia standard AES-128, l\u2019NTAG 424 DNA pu\u00f2 utilizzare un protocollo alternativo basato su AES per la messaggistica sicura, migliorando la resistenza agli attacchi a canale laterale (<em>side-channel attacks<\/em>).<\/p>\n\n\n\n<p class=\"has-figtree-font-family\">Grazie all\u2019elevata capacit\u00e0 di ingresso di 50 pF, il chip NTAG 424 DNA \u00e8 adatto per applicazioni <em>smart<\/em> che richiedono antenne di piccole dimensioni, senza compromettere le prestazioni. I tag NFC di dimensioni ridotte possono essere facilmente integrati in etichette di prodotto, moduli, tappi e altri formati di confezionamento.<\/p>\n\n\n\n<blockquote class=\"wp-block-quote is-layout-flow wp-block-quote-is-layout-flow\">\n<p><\/p>\n<\/blockquote>\n","protected":false},"excerpt":{"rendered":"<p>L\u2019NTAG 424 DNA (NT4H2421Gx) stabilisce un nuovo standard per le applicazioni NFC e IoT sicure. \u00c8 dotato di crittografia AES-128 e della funzione Secure Unique NFC (SUN), che genera dati di autenticazione univoci a ogni lettura da parte di un dispositivo mobile con NFC attivo. Questo garantisce una protezione avanzata per prodotti e contenuti, offrendo [&hellip;]<\/p>\n","protected":false},"author":1,"featured_media":0,"parent":0,"menu_order":0,"comment_status":"closed","ping_status":"closed","template":"","meta":{"footnotes":""},"class_list":["post-2","page","type-page","status-publish","hentry"],"yoast_head":"<!-- This site is optimized with the Yoast SEO plugin v26.6 - https:\/\/yoast.com\/wordpress\/plugins\/seo\/ -->\n<title>Dispositivi DNA NXP - My Origin<\/title>\n<meta name=\"robots\" content=\"index, follow, max-snippet:-1, max-image-preview:large, max-video-preview:-1\" \/>\n<link rel=\"canonical\" href=\"https:\/\/myorigin.info\/?page_id=2\" \/>\n<meta property=\"og:locale\" content=\"it_IT\" \/>\n<meta property=\"og:type\" content=\"article\" \/>\n<meta property=\"og:title\" content=\"Dispositivi DNA NXP - My Origin\" \/>\n<meta property=\"og:description\" content=\"L\u2019NTAG 424 DNA (NT4H2421Gx) stabilisce un nuovo standard per le applicazioni NFC e IoT sicure. \u00c8 dotato di crittografia AES-128 e della funzione Secure Unique NFC (SUN), che genera dati di autenticazione univoci a ogni lettura da parte di un dispositivo mobile con NFC attivo. Questo garantisce una protezione avanzata per prodotti e contenuti, offrendo [&hellip;]\" \/>\n<meta property=\"og:url\" content=\"https:\/\/myorigin.info\/?page_id=2\" \/>\n<meta property=\"og:site_name\" content=\"My Origin\" \/>\n<meta property=\"article:modified_time\" content=\"2025-10-09T15:15:02+00:00\" \/>\n<meta name=\"twitter:card\" content=\"summary_large_image\" \/>\n<meta name=\"twitter:label1\" content=\"Tempo di lettura stimato\" \/>\n\t<meta name=\"twitter:data1\" content=\"2 minuti\" \/>\n<script type=\"application\/ld+json\" class=\"yoast-schema-graph\">{\"@context\":\"https:\/\/schema.org\",\"@graph\":[{\"@type\":\"WebPage\",\"@id\":\"https:\/\/myorigin.info\/?page_id=2\",\"url\":\"https:\/\/myorigin.info\/?page_id=2\",\"name\":\"Dispositivi DNA NXP - My Origin\",\"isPartOf\":{\"@id\":\"https:\/\/myorigin.info\/#website\"},\"datePublished\":\"2024-04-06T21:33:14+00:00\",\"dateModified\":\"2025-10-09T15:15:02+00:00\",\"breadcrumb\":{\"@id\":\"https:\/\/myorigin.info\/?page_id=2#breadcrumb\"},\"inLanguage\":\"it-IT\",\"potentialAction\":[{\"@type\":\"ReadAction\",\"target\":[\"https:\/\/myorigin.info\/?page_id=2\"]}]},{\"@type\":\"BreadcrumbList\",\"@id\":\"https:\/\/myorigin.info\/?page_id=2#breadcrumb\",\"itemListElement\":[{\"@type\":\"ListItem\",\"position\":1,\"name\":\"Home\",\"item\":\"https:\/\/myorigin.info\/\"},{\"@type\":\"ListItem\",\"position\":2,\"name\":\"Dispositivi DNA NXP\"}]},{\"@type\":\"WebSite\",\"@id\":\"https:\/\/myorigin.info\/#website\",\"url\":\"https:\/\/myorigin.info\/\",\"name\":\"My Origin\",\"description\":\"\",\"publisher\":{\"@id\":\"https:\/\/myorigin.info\/#organization\"},\"potentialAction\":[{\"@type\":\"SearchAction\",\"target\":{\"@type\":\"EntryPoint\",\"urlTemplate\":\"https:\/\/myorigin.info\/?s={search_term_string}\"},\"query-input\":{\"@type\":\"PropertyValueSpecification\",\"valueRequired\":true,\"valueName\":\"search_term_string\"}}],\"inLanguage\":\"it-IT\"},{\"@type\":\"Organization\",\"@id\":\"https:\/\/myorigin.info\/#organization\",\"name\":\"My Origin\",\"url\":\"https:\/\/myorigin.info\/\",\"logo\":{\"@type\":\"ImageObject\",\"inLanguage\":\"it-IT\",\"@id\":\"https:\/\/myorigin.info\/#\/schema\/logo\/image\/\",\"url\":\"https:\/\/myorigin.info\/wp-content\/uploads\/2025\/07\/Risorsa-4@4x.png\",\"contentUrl\":\"https:\/\/myorigin.info\/wp-content\/uploads\/2025\/07\/Risorsa-4@4x.png\",\"width\":1054,\"height\":180,\"caption\":\"My Origin\"},\"image\":{\"@id\":\"https:\/\/myorigin.info\/#\/schema\/logo\/image\/\"}}]}<\/script>\n<!-- \/ Yoast SEO plugin. -->","yoast_head_json":{"title":"Dispositivi DNA NXP - My Origin","robots":{"index":"index","follow":"follow","max-snippet":"max-snippet:-1","max-image-preview":"max-image-preview:large","max-video-preview":"max-video-preview:-1"},"canonical":"https:\/\/myorigin.info\/?page_id=2","og_locale":"it_IT","og_type":"article","og_title":"Dispositivi DNA NXP - My Origin","og_description":"L\u2019NTAG 424 DNA (NT4H2421Gx) stabilisce un nuovo standard per le applicazioni NFC e IoT sicure. \u00c8 dotato di crittografia AES-128 e della funzione Secure Unique NFC (SUN), che genera dati di autenticazione univoci a ogni lettura da parte di un dispositivo mobile con NFC attivo. Questo garantisce una protezione avanzata per prodotti e contenuti, offrendo [&hellip;]","og_url":"https:\/\/myorigin.info\/?page_id=2","og_site_name":"My Origin","article_modified_time":"2025-10-09T15:15:02+00:00","twitter_card":"summary_large_image","twitter_misc":{"Tempo di lettura stimato":"2 minuti"},"schema":{"@context":"https:\/\/schema.org","@graph":[{"@type":"WebPage","@id":"https:\/\/myorigin.info\/?page_id=2","url":"https:\/\/myorigin.info\/?page_id=2","name":"Dispositivi DNA NXP - My Origin","isPartOf":{"@id":"https:\/\/myorigin.info\/#website"},"datePublished":"2024-04-06T21:33:14+00:00","dateModified":"2025-10-09T15:15:02+00:00","breadcrumb":{"@id":"https:\/\/myorigin.info\/?page_id=2#breadcrumb"},"inLanguage":"it-IT","potentialAction":[{"@type":"ReadAction","target":["https:\/\/myorigin.info\/?page_id=2"]}]},{"@type":"BreadcrumbList","@id":"https:\/\/myorigin.info\/?page_id=2#breadcrumb","itemListElement":[{"@type":"ListItem","position":1,"name":"Home","item":"https:\/\/myorigin.info\/"},{"@type":"ListItem","position":2,"name":"Dispositivi DNA NXP"}]},{"@type":"WebSite","@id":"https:\/\/myorigin.info\/#website","url":"https:\/\/myorigin.info\/","name":"My Origin","description":"","publisher":{"@id":"https:\/\/myorigin.info\/#organization"},"potentialAction":[{"@type":"SearchAction","target":{"@type":"EntryPoint","urlTemplate":"https:\/\/myorigin.info\/?s={search_term_string}"},"query-input":{"@type":"PropertyValueSpecification","valueRequired":true,"valueName":"search_term_string"}}],"inLanguage":"it-IT"},{"@type":"Organization","@id":"https:\/\/myorigin.info\/#organization","name":"My Origin","url":"https:\/\/myorigin.info\/","logo":{"@type":"ImageObject","inLanguage":"it-IT","@id":"https:\/\/myorigin.info\/#\/schema\/logo\/image\/","url":"https:\/\/myorigin.info\/wp-content\/uploads\/2025\/07\/Risorsa-4@4x.png","contentUrl":"https:\/\/myorigin.info\/wp-content\/uploads\/2025\/07\/Risorsa-4@4x.png","width":1054,"height":180,"caption":"My Origin"},"image":{"@id":"https:\/\/myorigin.info\/#\/schema\/logo\/image\/"}}]}},"jetpack_sharing_enabled":true,"_links":{"self":[{"href":"https:\/\/myorigin.info\/index.php?rest_route=\/wp\/v2\/pages\/2","targetHints":{"allow":["GET"]}}],"collection":[{"href":"https:\/\/myorigin.info\/index.php?rest_route=\/wp\/v2\/pages"}],"about":[{"href":"https:\/\/myorigin.info\/index.php?rest_route=\/wp\/v2\/types\/page"}],"author":[{"embeddable":true,"href":"https:\/\/myorigin.info\/index.php?rest_route=\/wp\/v2\/users\/1"}],"replies":[{"embeddable":true,"href":"https:\/\/myorigin.info\/index.php?rest_route=%2Fwp%2Fv2%2Fcomments&post=2"}],"version-history":[{"count":5,"href":"https:\/\/myorigin.info\/index.php?rest_route=\/wp\/v2\/pages\/2\/revisions"}],"predecessor-version":[{"id":306,"href":"https:\/\/myorigin.info\/index.php?rest_route=\/wp\/v2\/pages\/2\/revisions\/306"}],"wp:attachment":[{"href":"https:\/\/myorigin.info\/index.php?rest_route=%2Fwp%2Fv2%2Fmedia&parent=2"}],"curies":[{"name":"wp","href":"https:\/\/api.w.org\/{rel}","templated":true}]}}